{"id":21,"date":"2017-08-18T16:31:55","date_gmt":"2017-08-18T16:31:55","guid":{"rendered":"http:\/\/cogitarjournal.com\/?page_id=21"},"modified":"2018-01-21T13:18:38","modified_gmt":"2018-01-21T13:18:38","slug":"editorial-policies","status":"publish","type":"page","link":"https:\/\/cogitarjournal.com\/fr\/editorial-policies\/","title":{"rendered":"Politiques \u00e9ditoriales"},"content":{"rendered":"<p>Si vous souhaitez vous joindre \u00e0 notre \u00e9quipe d&rsquo;auteurs, veuillez suivre les \u00e9tapes suivantes:<\/p>\n<p>1-Contactez un auteur directement. Vous devez \u00eatre parrain\u00e9 par un autre auteur pour cinq articles avant de vous joindre \u00e0 la plateforme. Vous serez en mesure de signer vos articles, mais vous ne serez pas pay\u00e9.<br \/>\n2-Si l&rsquo;\u00e9quipe \u00e9ditoriale trouve que vous \u00eates un atout \u00e0 Cogitar, nous allons cr\u00e9er un compte \u00e0 votre nom pour pouvoir suivre vos visiteurs et compl\u00e9ter le cours d&rsquo;\u00e9criture.<br \/>\n3-Nos auteurs recoivent 50% des revenus que leurs articles g\u00e9n\u00e8rent.<\/p>\n<p>Que publions-nous?<\/p>\n<p>Nous avons un penchant pour les nouveaux concepts, les nouvelles id\u00e9es et la pens\u00e9e alternative.<br \/>\nTant que vos th\u00e9ories sont rationalis\u00e9es par des donn\u00e9es, vous \u00eates libres de publier.<\/p>\n<p>Il n&rsquo;y a pas de censure sur Cogitar. Cependant, nous sommes tr\u00e8s stricts quant \u00e0 la qualit\u00e9 des articles soumis.<\/p>","protected":false},"excerpt":{"rendered":"<p>Si vous souhaitez vous joindre \u00e0 notre \u00e9quipe d&rsquo;auteurs, veuillez suivre les \u00e9tapes suivantes: 1-Contactez un auteur directement. Vous devez \u00eatre parrain\u00e9 par un autre auteur pour cinq articles avant &hellip; <a href=\"https:\/\/cogitarjournal.com\/fr\/editorial-policies\/\" class=\"more-link\" rel=\"nofollow\">read more<\/a><\/p>\n","protected":false},"author":1,"featured_media":0,"parent":0,"menu_order":0,"comment_status":"closed","ping_status":"closed","template":"","meta":{"_acf_changed":false,"footnotes":""},"class_list":["post-21","page","type-page","status-publish","hentry"],"acf":[],"aioseo_notices":[],"_links":{"self":[{"href":"https:\/\/cogitarjournal.com\/fr\/wp-json\/wp\/v2\/pages\/21","targetHints":{"allow":["GET"]}}],"collection":[{"href":"https:\/\/cogitarjournal.com\/fr\/wp-json\/wp\/v2\/pages"}],"about":[{"href":"https:\/\/cogitarjournal.com\/fr\/wp-json\/wp\/v2\/types\/page"}],"author":[{"embeddable":true,"href":"https:\/\/cogitarjournal.com\/fr\/wp-json\/wp\/v2\/users\/1"}],"replies":[{"embeddable":true,"href":"https:\/\/cogitarjournal.com\/fr\/wp-json\/wp\/v2\/comments?post=21"}],"version-history":[{"count":3,"href":"https:\/\/cogitarjournal.com\/fr\/wp-json\/wp\/v2\/pages\/21\/revisions"}],"predecessor-version":[{"id":215,"href":"https:\/\/cogitarjournal.com\/fr\/wp-json\/wp\/v2\/pages\/21\/revisions\/215"}],"wp:attachment":[{"href":"https:\/\/cogitarjournal.com\/fr\/wp-json\/wp\/v2\/media?parent=21"}],"curies":[{"name":"wp","href":"https:\/\/api.w.org\/{rel}","templated":true}]}}